{"id":2319,"date":"2021-01-15T21:06:32","date_gmt":"2021-01-15T21:06:32","guid":{"rendered":"https:\/\/fuzziontec.com.br\/?page_id=2319"},"modified":"2021-11-08T16:52:19","modified_gmt":"2021-11-08T19:52:19","slug":"pos-vendas","status":"publish","type":"page","link":"https:\/\/grupozucatelli.com.br\/lstractor\/pos-vendas\/","title":{"rendered":"P\u00f3s Vendas"},"content":{"rendered":"\t\t<div data-elementor-type=\"wp-page\" data-elementor-id=\"2319\" class=\"elementor elementor-2319\">\n\t\t\t\t\t\t<section class=\"elementor-section elementor-top-section elementor-element elementor-element-11096044 elementor-section-boxed elementor-section-height-default elementor-section-height-default\" data-id=\"11096044\" data-element_type=\"section\" data-e-type=\"section\">\n\t\t\t\t\t\t<div class=\"elementor-container elementor-column-gap-default\">\n\t\t\t\t\t<div class=\"elementor-column elementor-col-50 elementor-top-column elementor-element elementor-element-246f029c\" data-id=\"246f029c\" data-element_type=\"column\" data-e-type=\"column\">\n\t\t\t<div class=\"elementor-widget-wrap elementor-element-populated\">\n\t\t\t\t\t\t<div class=\"elementor-element elementor-element-3142374f gyan-title-st-line-after elementor-widget elementor-widget-gyan_title\" data-id=\"3142374f\" data-element_type=\"widget\" data-e-type=\"widget\" data-widget_type=\"gyan_title.default\">\n\t\t\t\t<div class=\"elementor-widget-container\">\n\t\t\t\t\t\t\t<div class=\"gyan-title\">\r\n\t\t\t<div class=\"gyan-title-subtitle\"><span>LS Tractor Zucatelli<\/span><\/div><h2 class=\"gyan-title-heading\">REPOSI\u00c7\u00c3O DE PE\u00c7AS<\/h2>\t\t<\/div>\r\n\t\t\t\t\t\t<\/div>\n\t\t\t\t<\/div>\n\t\t\t\t<div class=\"elementor-element elementor-element-45ab75e3 elementor-widget elementor-widget-image\" data-id=\"45ab75e3\" data-element_type=\"widget\" data-e-type=\"widget\" data-widget_type=\"image.default\">\n\t\t\t\t<div class=\"elementor-widget-container\">\n\t\t\t\t\t\t\t\t\t\t\t\t\t\t\t<img decoding=\"async\" width=\"287\" height=\"139\" src=\"https:\/\/grupozucatelli.com.br\/lstractor\/wp-content\/uploads\/sites\/9\/2021\/11\/BASE.png\" class=\"attachment-large size-large wp-image-2693\" alt=\"\" \/>\t\t\t\t\t\t\t\t\t\t\t\t\t\t\t<\/div>\n\t\t\t\t<\/div>\n\t\t\t\t\t<\/div>\n\t\t<\/div>\n\t\t\t\t<div class=\"elementor-column elementor-col-50 elementor-top-column elementor-element elementor-element-53a3d7e2\" data-id=\"53a3d7e2\" data-element_type=\"column\" data-e-type=\"column\">\n\t\t\t<div class=\"elementor-widget-wrap elementor-element-populated\">\n\t\t\t\t\t\t<div class=\"elementor-element elementor-element-39aa2994 elementor-widget elementor-widget-image\" data-id=\"39aa2994\" data-element_type=\"widget\" data-e-type=\"widget\" data-widget_type=\"image.default\">\n\t\t\t\t<div class=\"elementor-widget-container\">\n\t\t\t\t\t\t\t\t\t\t\t\t\t\t\t<img fetchpriority=\"high\" decoding=\"async\" width=\"582\" height=\"242\" src=\"https:\/\/grupozucatelli.com.br\/lstractor\/wp-content\/uploads\/sites\/9\/2021\/11\/pecas.png\" class=\"attachment-large size-large wp-image-3271\" alt=\"\" srcset=\"https:\/\/grupozucatelli.com.br\/lstractor\/wp-content\/uploads\/sites\/9\/2021\/11\/pecas.png 582w, https:\/\/grupozucatelli.com.br\/lstractor\/wp-content\/uploads\/sites\/9\/2021\/11\/pecas-300x125.png 300w\" sizes=\"(max-width: 582px) 100vw, 582px\" \/>\t\t\t\t\t\t\t\t\t\t\t\t\t\t\t<\/div>\n\t\t\t\t<\/div>\n\t\t\t\t\t<\/div>\n\t\t<\/div>\n\t\t\t\t\t<\/div>\n\t\t<\/section>\n\t\t\t\t<section class=\"elementor-section elementor-top-section elementor-element elementor-element-395a5b4 elementor-section-boxed elementor-section-height-default elementor-section-height-default\" data-id=\"395a5b4\" data-element_type=\"section\" data-e-type=\"section\">\n\t\t\t\t\t\t<div class=\"elementor-container elementor-column-gap-default\">\n\t\t\t\t\t<div class=\"elementor-column elementor-col-50 elementor-top-column elementor-element elementor-element-b348e1c\" data-id=\"b348e1c\" data-element_type=\"column\" data-e-type=\"column\">\n\t\t\t<div class=\"elementor-widget-wrap elementor-element-populated\">\n\t\t\t\t\t\t<div class=\"elementor-element elementor-element-6fc2f00 elementor-widget elementor-widget-text-editor\" data-id=\"6fc2f00\" data-element_type=\"widget\" data-e-type=\"widget\" data-widget_type=\"text-editor.default\">\n\t\t\t\t<div class=\"elementor-widget-container\">\n\t\t\t\t\t\t\t\t\tDisponibilidade, qualidade e pre\u00e7o competitivo de pe\u00e7as de reposi\u00e7\u00e3o s\u00e3o fatores determinantes na decis\u00e3o do agricultor na compra do seu Trator.\n\nPor isto, a LS Tractor mant\u00e9m em sua f\u00e1brica em Garuva, Santa Catarina, um grande estoque de pe\u00e7as para atender com agilidade todos os Concession\u00e1rios LS no Brasil.\n\nAs Concession\u00e1rias LS, por sua vez, mant\u00e9m um estoque estrat\u00e9gico, visando um excelente atendimento ao agricultor.\n\nTodas as pe\u00e7as genu\u00ednas da LS Tractor s\u00e3o testadas e passam por um rigoroso controle de qualidade, garantindo ao agricultor uma vida longa aos seus tratores, desde que adquiridas e montadas pela equipe t\u00e9cnica de um de nossos concession\u00e1rios.\n\t\t\t\t\t\t\t\t<\/div>\n\t\t\t\t<\/div>\n\t\t\t\t<div class=\"elementor-element elementor-element-e734ae8 elementor-widget elementor-widget-text-editor\" data-id=\"e734ae8\" data-element_type=\"widget\" data-e-type=\"widget\" data-widget_type=\"text-editor.default\">\n\t\t\t\t<div class=\"elementor-widget-container\">\n\t\t\t\t\t\t\t\t\t<p><strong>P\u00f3s-vendas S\u00e3o Luis &#8211; MA:<\/strong><br \/>Contato: (98) 991264468 <br \/>E-mail: adm.ls@zucatelli.com.br<\/p><p><strong>P\u00f3s-vendas IMPERATRIZ- MA:<\/strong><br \/>Contato: (99) 99157-3142<br \/>E-mail: adm.imperatriz@zucatelli.com.br<\/p>\t\t\t\t\t\t\t\t<\/div>\n\t\t\t\t<\/div>\n\t\t\t\t\t<\/div>\n\t\t<\/div>\n\t\t\t\t<div class=\"elementor-column elementor-col-50 elementor-top-column elementor-element elementor-element-d8cae2a\" data-id=\"d8cae2a\" data-element_type=\"column\" data-e-type=\"column\">\n\t\t\t<div class=\"elementor-widget-wrap elementor-element-populated\">\n\t\t\t\t\t\t<div class=\"elementor-element elementor-element-451abe0 elementor-widget elementor-widget-image\" data-id=\"451abe0\" data-element_type=\"widget\" data-e-type=\"widget\" data-widget_type=\"image.default\">\n\t\t\t\t<div class=\"elementor-widget-container\">\n\t\t\t\t\t\t\t\t\t\t\t\t\t\t\t<img decoding=\"async\" width=\"430\" height=\"520\" src=\"https:\/\/grupozucatelli.com.br\/lstractor\/wp-content\/uploads\/sites\/9\/2021\/11\/img-pecas.jpg\" class=\"attachment-large size-large wp-image-3275\" alt=\"\" srcset=\"https:\/\/grupozucatelli.com.br\/lstractor\/wp-content\/uploads\/sites\/9\/2021\/11\/img-pecas.jpg 430w, https:\/\/grupozucatelli.com.br\/lstractor\/wp-content\/uploads\/sites\/9\/2021\/11\/img-pecas-248x300.jpg 248w\" sizes=\"(max-width: 430px) 100vw, 430px\" \/>\t\t\t\t\t\t\t\t\t\t\t\t\t\t\t<\/div>\n\t\t\t\t<\/div>\n\t\t\t\t\t<\/div>\n\t\t<\/div>\n\t\t\t\t\t<\/div>\n\t\t<\/section>\n\t\t\t\t<\/div>\n\t\t","protected":false},"excerpt":{"rendered":"<p>LS Tractor Zucatelli REPOSI\u00c7\u00c3O DE PE\u00c7AS Disponibilidade, qualidade e pre\u00e7o competitivo de pe\u00e7as de reposi\u00e7\u00e3o s\u00e3o fatores determinantes na decis\u00e3o do agricultor na compra do seu Trator. Por isto, a LS Tractor mant\u00e9m em sua f\u00e1brica em Garuva, Santa Catarina, um grande estoque de pe\u00e7as para atender com agilidade todos [&hellip;]<\/p>\n","protected":false},"author":1,"featured_media":0,"parent":0,"menu_order":0,"comment_status":"closed","ping_status":"closed","template":"elementor_header_footer","meta":{"footnotes":""},"class_list":["post-2319","page","type-page","status-publish","hentry"],"_links":{"self":[{"href":"https:\/\/grupozucatelli.com.br\/lstractor\/wp-json\/wp\/v2\/pages\/2319","targetHints":{"allow":["GET"]}}],"collection":[{"href":"https:\/\/grupozucatelli.com.br\/lstractor\/wp-json\/wp\/v2\/pages"}],"about":[{"href":"https:\/\/grupozucatelli.com.br\/lstractor\/wp-json\/wp\/v2\/types\/page"}],"author":[{"embeddable":true,"href":"https:\/\/grupozucatelli.com.br\/lstractor\/wp-json\/wp\/v2\/users\/1"}],"replies":[{"embeddable":true,"href":"https:\/\/grupozucatelli.com.br\/lstractor\/wp-json\/wp\/v2\/comments?post=2319"}],"version-history":[{"count":25,"href":"https:\/\/grupozucatelli.com.br\/lstractor\/wp-json\/wp\/v2\/pages\/2319\/revisions"}],"predecessor-version":[{"id":3340,"href":"https:\/\/grupozucatelli.com.br\/lstractor\/wp-json\/wp\/v2\/pages\/2319\/revisions\/3340"}],"wp:attachment":[{"href":"https:\/\/grupozucatelli.com.br\/lstractor\/wp-json\/wp\/v2\/media?parent=2319"}],"curies":[{"name":"wp","href":"https:\/\/api.w.org\/{rel}","templated":true}]}}