{"id":3402,"date":"2022-06-30T00:10:44","date_gmt":"2022-06-30T03:10:44","guid":{"rendered":"https:\/\/grupozucatelli.com.br\/lstractor\/?page_id=3402"},"modified":"2022-06-30T00:13:53","modified_gmt":"2022-06-30T03:13:53","slug":"home-3","status":"publish","type":"page","link":"https:\/\/grupozucatelli.com.br\/lstractor\/","title":{"rendered":"Home"},"content":{"rendered":"\t\t<div data-elementor-type=\"wp-page\" data-elementor-id=\"3402\" class=\"elementor elementor-3402\">\n\t\t\t\t\t\t<section class=\"elementor-section elementor-top-section elementor-element elementor-element-4d04fbdc elementor-section-boxed elementor-section-height-default elementor-section-height-default\" data-id=\"4d04fbdc\" data-element_type=\"section\" data-e-type=\"section\">\n\t\t\t\t\t\t<div class=\"elementor-container elementor-column-gap-default\">\n\t\t\t\t\t<div class=\"elementor-column elementor-col-100 elementor-top-column elementor-element elementor-element-653ce382\" data-id=\"653ce382\" data-element_type=\"column\" data-e-type=\"column\">\n\t\t\t<div class=\"elementor-widget-wrap elementor-element-populated\">\n\t\t\t\t\t\t<div class=\"elementor-element elementor-element-2529d4fb elementor-grid-4 elementor-grid-tablet-2 elementor-grid-mobile-1 elementor-widget elementor-widget-gyan_services_full_text\" data-id=\"2529d4fb\" data-element_type=\"widget\" data-e-type=\"widget\" data-settings=\"{&quot;columns&quot;:&quot;4&quot;,&quot;columns_tablet&quot;:&quot;2&quot;,&quot;columns_mobile&quot;:&quot;1&quot;}\" data-widget_type=\"gyan_services_full_text.default\">\n\t\t\t\t<div class=\"elementor-widget-container\">\n\t\t\t\t\t\n\t\t<div class=\"gyan-services-full-container gyan-services-full-container-2529d4fb\" data-layout=\"masonry\" data-rtl=\"false\">\n\n\t\t\t<div class=\"gyan-services-full-items gyan-elementor-grid\">\n\n\t\t\t\t\n\t\t\t\t\t<div class=\"gyan-service-full-item gyan-grid-item-wrap\">\n\t\t\t\t\t\t<div class=\"gyan-services-full gyan-grid-item gyan-ease-transition\">\n\t\t\t\t\t\t\t<div class=\"gyan-services-full-img\"><a href=\"https:\/\/fuzziontec.com.br\/nossos-servicos\/suporte-tecnico-gerenciado\/\" class=\"gyan-service-full-link\"><img fetchpriority=\"high\" decoding=\"async\" width=\"640\" height=\"324\" src=\"https:\/\/grupozucatelli.com.br\/lstractor\/wp-content\/uploads\/sites\/9\/2021\/11\/serie-plus.jpg\" class=\"attachment-full size-full\" alt=\"\" srcset=\"https:\/\/grupozucatelli.com.br\/lstractor\/wp-content\/uploads\/sites\/9\/2021\/11\/serie-plus.jpg 640w, https:\/\/grupozucatelli.com.br\/lstractor\/wp-content\/uploads\/sites\/9\/2021\/11\/serie-plus-300x152.jpg 300w\" sizes=\"(max-width: 640px) 100vw, 640px\" \/><\/a><\/div><div class=\"gyan-services-full-content\"><div class=\"gyan-services-full-icon-wrap\"><div class=\"gyan-services-full-icon gyan-icon\"><\/div><\/div><div class=\"gyan-services-full-title-desc\"><h6 class=\"gyan-services-full-title\"><a href=\"https:\/\/fuzziontec.com.br\/nossos-servicos\/suporte-tecnico-gerenciado\/\" class=\"gyan-service-full-link\">S\u00e9rie Plus<\/a><\/h6><\/div><a href=\"https:\/\/fuzziontec.com.br\/nossos-servicos\/suporte-tecnico-gerenciado\/\" class=\"gyan-service-full-link gyan-services-full-button gyan-ease-transition gyan-flex\"><span class=\"gyan-services-full-button-text\">Saiba Mais<\/span><span class=\"gyan-services-full-button-arrow\"><\/span><\/a><\/div>\t\t\t\t\t\t<\/div>\n\t\t\t\t\t\t<div class=\"clear\"><\/div>\n\t\t\t\t\t<\/div>\n\n\t\t\t\t \n\t\t\t\t\t<div class=\"gyan-service-full-item gyan-grid-item-wrap\">\n\t\t\t\t\t\t<div class=\"gyan-services-full gyan-grid-item gyan-ease-transition\">\n\t\t\t\t\t\t\t<div class=\"gyan-services-full-img\"><a href=\"https:\/\/fuzziontec.com.br\/gestao-de-ti\/\" class=\"gyan-service-full-link\"><img decoding=\"async\" width=\"640\" height=\"324\" src=\"https:\/\/grupozucatelli.com.br\/lstractor\/wp-content\/uploads\/sites\/9\/2021\/11\/serie-U.jpg\" class=\"attachment-full size-full\" alt=\"\" srcset=\"https:\/\/grupozucatelli.com.br\/lstractor\/wp-content\/uploads\/sites\/9\/2021\/11\/serie-U.jpg 640w, https:\/\/grupozucatelli.com.br\/lstractor\/wp-content\/uploads\/sites\/9\/2021\/11\/serie-U-300x152.jpg 300w\" sizes=\"(max-width: 640px) 100vw, 640px\" \/><\/a><\/div><div class=\"gyan-services-full-content\"><div class=\"gyan-services-full-icon-wrap\"><div class=\"gyan-services-full-icon gyan-icon\"><\/div><\/div><div class=\"gyan-services-full-title-desc\"><h6 class=\"gyan-services-full-title\"><a href=\"https:\/\/fuzziontec.com.br\/gestao-de-ti\/\" class=\"gyan-service-full-link\">S\u00e9rie U<\/a><\/h6><\/div><a href=\"https:\/\/fuzziontec.com.br\/gestao-de-ti\/\" class=\"gyan-service-full-link gyan-services-full-button gyan-ease-transition gyan-flex\"><span class=\"gyan-services-full-button-text\">Saiba Mais<\/span><span class=\"gyan-services-full-button-arrow\"><\/span><\/a><\/div>\t\t\t\t\t\t<\/div>\n\t\t\t\t\t\t<div class=\"clear\"><\/div>\n\t\t\t\t\t<\/div>\n\n\t\t\t\t \n\t\t\t\t\t<div class=\"gyan-service-full-item gyan-grid-item-wrap\">\n\t\t\t\t\t\t<div class=\"gyan-services-full gyan-grid-item gyan-ease-transition\">\n\t\t\t\t\t\t\t<div class=\"gyan-services-full-img\"><a href=\"https:\/\/fuzziontec.com.br\/nossos-servicos\/infraestrutura\/\" class=\"gyan-service-full-link\"><img decoding=\"async\" width=\"640\" height=\"324\" src=\"https:\/\/grupozucatelli.com.br\/lstractor\/wp-content\/uploads\/sites\/9\/2021\/11\/serie-R.jpg\" class=\"attachment-full size-full\" alt=\"\" srcset=\"https:\/\/grupozucatelli.com.br\/lstractor\/wp-content\/uploads\/sites\/9\/2021\/11\/serie-R.jpg 640w, https:\/\/grupozucatelli.com.br\/lstractor\/wp-content\/uploads\/sites\/9\/2021\/11\/serie-R-300x152.jpg 300w\" sizes=\"(max-width: 640px) 100vw, 640px\" \/><\/a><\/div><div class=\"gyan-services-full-content\"><div class=\"gyan-services-full-icon-wrap\"><div class=\"gyan-services-full-icon gyan-icon\"><\/div><\/div><div class=\"gyan-services-full-title-desc\"><h6 class=\"gyan-services-full-title\"><a href=\"https:\/\/fuzziontec.com.br\/nossos-servicos\/infraestrutura\/\" class=\"gyan-service-full-link\">S\u00e9rie R<\/a><\/h6><\/div><a href=\"https:\/\/fuzziontec.com.br\/nossos-servicos\/infraestrutura\/\" class=\"gyan-service-full-link gyan-services-full-button gyan-ease-transition gyan-flex\"><span class=\"gyan-services-full-button-text\">Saiba Mais<\/span><span class=\"gyan-services-full-button-arrow\"><\/span><\/a><\/div>\t\t\t\t\t\t<\/div>\n\t\t\t\t\t\t<div class=\"clear\"><\/div>\n\t\t\t\t\t<\/div>\n\n\t\t\t\t \n\t\t\t\t\t<div class=\"gyan-service-full-item gyan-grid-item-wrap\">\n\t\t\t\t\t\t<div class=\"gyan-services-full gyan-grid-item gyan-ease-transition\">\n\t\t\t\t\t\t\t<div class=\"gyan-services-full-img\"><a href=\"https:\/\/fuzziontec.com.br\/instalacao-e-configuracao-de-servidores\/\" class=\"gyan-service-full-link\"><img loading=\"lazy\" decoding=\"async\" width=\"640\" height=\"324\" src=\"https:\/\/grupozucatelli.com.br\/lstractor\/wp-content\/uploads\/sites\/9\/2021\/11\/serie-G.jpg\" class=\"attachment-full size-full\" alt=\"\" srcset=\"https:\/\/grupozucatelli.com.br\/lstractor\/wp-content\/uploads\/sites\/9\/2021\/11\/serie-G.jpg 640w, https:\/\/grupozucatelli.com.br\/lstractor\/wp-content\/uploads\/sites\/9\/2021\/11\/serie-G-300x152.jpg 300w\" sizes=\"(max-width: 640px) 100vw, 640px\" \/><\/a><\/div><div class=\"gyan-services-full-content\"><div class=\"gyan-services-full-icon-wrap\"><div class=\"gyan-services-full-icon gyan-icon\"><\/div><\/div><div class=\"gyan-services-full-title-desc\"><h6 class=\"gyan-services-full-title\"><a href=\"https:\/\/fuzziontec.com.br\/instalacao-e-configuracao-de-servidores\/\" class=\"gyan-service-full-link\">S\u00e9rie G<\/a><\/h6><\/div><a href=\"https:\/\/fuzziontec.com.br\/instalacao-e-configuracao-de-servidores\/\" class=\"gyan-service-full-link gyan-services-full-button gyan-ease-transition gyan-flex\"><span class=\"gyan-services-full-button-text\">Saiba Mais<\/span><span class=\"gyan-services-full-button-arrow\"><\/span><\/a><\/div>\t\t\t\t\t\t<\/div>\n\t\t\t\t\t\t<div class=\"clear\"><\/div>\n\t\t\t\t\t<\/div>\n\n\t\t\t\t \n\t\t\t\t\t<div class=\"gyan-service-full-item gyan-grid-item-wrap\">\n\t\t\t\t\t\t<div class=\"gyan-services-full gyan-grid-item gyan-ease-transition\">\n\t\t\t\t\t\t\t<div class=\"gyan-services-full-img\"><a href=\"https:\/\/fuzziontec.com.br\/cabeamento-estruturado\/\" class=\"gyan-service-full-link\"><img loading=\"lazy\" decoding=\"async\" width=\"640\" height=\"324\" src=\"https:\/\/grupozucatelli.com.br\/lstractor\/wp-content\/uploads\/sites\/9\/2021\/11\/MT1.25.jpg\" class=\"attachment-full size-full\" alt=\"\" srcset=\"https:\/\/grupozucatelli.com.br\/lstractor\/wp-content\/uploads\/sites\/9\/2021\/11\/MT1.25.jpg 640w, https:\/\/grupozucatelli.com.br\/lstractor\/wp-content\/uploads\/sites\/9\/2021\/11\/MT1.25-300x152.jpg 300w\" sizes=\"(max-width: 640px) 100vw, 640px\" \/><\/a><\/div><div class=\"gyan-services-full-content\"><div class=\"gyan-services-full-icon-wrap\"><div class=\"gyan-services-full-icon gyan-icon\"><\/div><\/div><div class=\"gyan-services-full-title-desc\"><h6 class=\"gyan-services-full-title\"><a href=\"https:\/\/fuzziontec.com.br\/cabeamento-estruturado\/\" class=\"gyan-service-full-link\">MT1.25<\/a><\/h6><\/div><a href=\"https:\/\/fuzziontec.com.br\/cabeamento-estruturado\/\" class=\"gyan-service-full-link gyan-services-full-button gyan-ease-transition gyan-flex\"><span class=\"gyan-services-full-button-text\">Saiba Mais<\/span><span class=\"gyan-services-full-button-arrow\"><\/span><\/a><\/div>\t\t\t\t\t\t<\/div>\n\t\t\t\t\t\t<div class=\"clear\"><\/div>\n\t\t\t\t\t<\/div>\n\n\t\t\t\t \n\t\t\t\t\t<div class=\"gyan-service-full-item gyan-grid-item-wrap\">\n\t\t\t\t\t\t<div class=\"gyan-services-full gyan-grid-item gyan-ease-transition\">\n\t\t\t\t\t\t\t<div class=\"gyan-services-full-img\"><a href=\"https:\/\/fuzziontec.com.br\/nossos-servicos\/estruturacao-e-reestruturacao-de-redes\/\" class=\"gyan-service-full-link\"><img loading=\"lazy\" decoding=\"async\" width=\"640\" height=\"324\" src=\"https:\/\/grupozucatelli.com.br\/lstractor\/wp-content\/uploads\/sites\/9\/2021\/11\/Serie-H.jpg\" class=\"attachment-full size-full\" alt=\"\" srcset=\"https:\/\/grupozucatelli.com.br\/lstractor\/wp-content\/uploads\/sites\/9\/2021\/11\/Serie-H.jpg 640w, https:\/\/grupozucatelli.com.br\/lstractor\/wp-content\/uploads\/sites\/9\/2021\/11\/Serie-H-300x152.jpg 300w\" sizes=\"(max-width: 640px) 100vw, 640px\" \/><\/a><\/div><div class=\"gyan-services-full-content\"><div class=\"gyan-services-full-icon-wrap\"><div class=\"gyan-services-full-icon gyan-icon\"><\/div><\/div><div class=\"gyan-services-full-title-desc\"><h6 class=\"gyan-services-full-title\"><a href=\"https:\/\/fuzziontec.com.br\/nossos-servicos\/estruturacao-e-reestruturacao-de-redes\/\" class=\"gyan-service-full-link\">S\u00e9rie H<\/a><\/h6><\/div><a href=\"https:\/\/fuzziontec.com.br\/nossos-servicos\/estruturacao-e-reestruturacao-de-redes\/\" class=\"gyan-service-full-link gyan-services-full-button gyan-ease-transition gyan-flex\"><span class=\"gyan-services-full-button-text\">Saiba Mais<\/span><span class=\"gyan-services-full-button-arrow\"><\/span><\/a><\/div>\t\t\t\t\t\t<\/div>\n\t\t\t\t\t\t<div class=\"clear\"><\/div>\n\t\t\t\t\t<\/div>\n\n\t\t\t\t \n\t\t\t\t\t<div class=\"gyan-service-full-item gyan-grid-item-wrap\">\n\t\t\t\t\t\t<div class=\"gyan-services-full gyan-grid-item gyan-ease-transition\">\n\t\t\t\t\t\t\t<div class=\"gyan-services-full-img\"><a href=\"https:\/\/fuzziontec.com.br\/nossos-servicos\/redes-wireless\/%20\" class=\"gyan-service-full-link\"><img loading=\"lazy\" decoding=\"async\" width=\"640\" height=\"324\" src=\"https:\/\/grupozucatelli.com.br\/lstractor\/wp-content\/uploads\/sites\/9\/2021\/11\/Carregadores-Frontais.jpg\" class=\"attachment-full size-full\" alt=\"\" srcset=\"https:\/\/grupozucatelli.com.br\/lstractor\/wp-content\/uploads\/sites\/9\/2021\/11\/Carregadores-Frontais.jpg 640w, https:\/\/grupozucatelli.com.br\/lstractor\/wp-content\/uploads\/sites\/9\/2021\/11\/Carregadores-Frontais-300x152.jpg 300w\" sizes=\"(max-width: 640px) 100vw, 640px\" \/><\/a><\/div><div class=\"gyan-services-full-content\"><div class=\"gyan-services-full-icon-wrap\"><div class=\"gyan-services-full-icon gyan-icon\"><\/div><\/div><div class=\"gyan-services-full-title-desc\"><h6 class=\"gyan-services-full-title\"><a href=\"https:\/\/fuzziontec.com.br\/nossos-servicos\/redes-wireless\/%20\" class=\"gyan-service-full-link\">Carregadores Frontais<\/a><\/h6><\/div><a href=\"https:\/\/fuzziontec.com.br\/nossos-servicos\/redes-wireless\/%20\" class=\"gyan-service-full-link gyan-services-full-button gyan-ease-transition gyan-flex\"><span class=\"gyan-services-full-button-text\">Saiba Mais<\/span><span class=\"gyan-services-full-button-arrow\"><\/span><\/a><\/div>\t\t\t\t\t\t<\/div>\n\t\t\t\t\t\t<div class=\"clear\"><\/div>\n\t\t\t\t\t<\/div>\n\n\t\t\t\t \n\t\t\t\t\t<div class=\"gyan-service-full-item gyan-grid-item-wrap\">\n\t\t\t\t\t\t<div class=\"gyan-services-full gyan-grid-item gyan-ease-transition\">\n\t\t\t\t\t\t\t<div class=\"gyan-services-full-img\"><a href=\"https:\/\/fuzziontec.com.br\/nossos-servicos\/cloud-computing\/\" class=\"gyan-service-full-link\"><img loading=\"lazy\" decoding=\"async\" width=\"640\" height=\"324\" src=\"https:\/\/grupozucatelli.com.br\/lstractor\/wp-content\/uploads\/sites\/9\/2021\/11\/LS-Tech-Unit-Control.jpg\" class=\"attachment-full size-full\" alt=\"\" srcset=\"https:\/\/grupozucatelli.com.br\/lstractor\/wp-content\/uploads\/sites\/9\/2021\/11\/LS-Tech-Unit-Control.jpg 640w, https:\/\/grupozucatelli.com.br\/lstractor\/wp-content\/uploads\/sites\/9\/2021\/11\/LS-Tech-Unit-Control-300x152.jpg 300w\" sizes=\"(max-width: 640px) 100vw, 640px\" \/><\/a><\/div><div class=\"gyan-services-full-content\"><div class=\"gyan-services-full-icon-wrap\"><div class=\"gyan-services-full-icon gyan-icon\"><\/div><\/div><div class=\"gyan-services-full-title-desc\"><h6 class=\"gyan-services-full-title\"><a href=\"https:\/\/fuzziontec.com.br\/nossos-servicos\/cloud-computing\/\" class=\"gyan-service-full-link\">LS Tech Unit Control<\/a><\/h6><\/div><a href=\"https:\/\/fuzziontec.com.br\/nossos-servicos\/cloud-computing\/\" class=\"gyan-service-full-link gyan-services-full-button gyan-ease-transition gyan-flex\"><span class=\"gyan-services-full-button-text\">Saiba Mais<\/span><span class=\"gyan-services-full-button-arrow\"><\/span><\/a><\/div>\t\t\t\t\t\t<\/div>\n\t\t\t\t\t\t<div class=\"clear\"><\/div>\n\t\t\t\t\t<\/div>\n\n\t\t\t\t \n\t\t\t <\/div> <!-- gyan-services-full-items -->\n\t\t\t <div class=\"clear\"><\/div>\n\n\t\t<\/div>\n\n\t\t\t\t\t<\/div>\n\t\t\t\t<\/div>\n\t\t\t\t\t<\/div>\n\t\t<\/div>\n\t\t\t\t\t<\/div>\n\t\t<\/section>\n\t\t\t\t<\/div>\n\t\t","protected":false},"excerpt":{"rendered":"<p>S\u00e9rie Plus Saiba Mais S\u00e9rie U Saiba Mais S\u00e9rie R Saiba Mais S\u00e9rie G Saiba Mais MT1.25 Saiba Mais S\u00e9rie H Saiba Mais Carregadores Frontais Saiba Mais LS Tech Unit Control Saiba Mais<\/p>\n","protected":false},"author":1,"featured_media":0,"parent":0,"menu_order":0,"comment_status":"closed","ping_status":"closed","template":"elementor_header_footer","meta":{"footnotes":""},"class_list":["post-3402","page","type-page","status-publish","hentry"],"_links":{"self":[{"href":"https:\/\/grupozucatelli.com.br\/lstractor\/wp-json\/wp\/v2\/pages\/3402","targetHints":{"allow":["GET"]}}],"collection":[{"href":"https:\/\/grupozucatelli.com.br\/lstractor\/wp-json\/wp\/v2\/pages"}],"about":[{"href":"https:\/\/grupozucatelli.com.br\/lstractor\/wp-json\/wp\/v2\/types\/page"}],"author":[{"embeddable":true,"href":"https:\/\/grupozucatelli.com.br\/lstractor\/wp-json\/wp\/v2\/users\/1"}],"replies":[{"embeddable":true,"href":"https:\/\/grupozucatelli.com.br\/lstractor\/wp-json\/wp\/v2\/comments?post=3402"}],"version-history":[{"count":5,"href":"https:\/\/grupozucatelli.com.br\/lstractor\/wp-json\/wp\/v2\/pages\/3402\/revisions"}],"predecessor-version":[{"id":3407,"href":"https:\/\/grupozucatelli.com.br\/lstractor\/wp-json\/wp\/v2\/pages\/3402\/revisions\/3407"}],"wp:attachment":[{"href":"https:\/\/grupozucatelli.com.br\/lstractor\/wp-json\/wp\/v2\/media?parent=3402"}],"curies":[{"name":"wp","href":"https:\/\/api.w.org\/{rel}","templated":true}]}}