{"id":63,"date":"2021-09-06T13:49:50","date_gmt":"2021-09-06T16:49:50","guid":{"rendered":"https:\/\/grupozucatelli.com.br\/rragropecuaria\/?page_id=63"},"modified":"2021-09-28T00:53:36","modified_gmt":"2021-09-28T03:53:36","slug":"quem-somos","status":"publish","type":"page","link":"https:\/\/grupozucatelli.com.br\/rragropecuaria\/quem-somos\/","title":{"rendered":"Quem Somos"},"content":{"rendered":"<p>Os animais da Gen\u00e9tica Zucatelli s\u00e3o animais de excepcional qualidade, foram selecionados durante d\u00e9cadas de trabalho dedicados \u00e1 melhoria gen\u00e9tica, em busca do melhor acabamento,morfologia, aprumos e docilidade. Cria\u00e7\u00e3o exclusivamente \u00e0 campo nos confere animais bem adaptados aos intemperismos dos tr\u00f3picos.<\/p>\n<p>A RR Agropecu\u00e1ria \u00e9 vista hoje como refer\u00eancia para grandes criadores , pois acreditamos que \u00e9 importante produzir, e \u00e9 fundamental que seja feito com responsabilidade. Possu\u00edmos \u00e1rea florestal, planta\u00e7\u00f5es de Teca e Eucalipto, cria\u00e7\u00e3o de gado de cria e recria e engorda e animais de elite.<\/p>\n","protected":false},"excerpt":{"rendered":"<p>Os animais da Gen\u00e9tica Zucatelli s\u00e3o animais de excepcional qualidade, foram selecionados durante d\u00e9cadas de trabalho dedicados \u00e1 melhoria gen\u00e9tica, em busca do melhor acabamento,morfologia, aprumos e docilidade. Cria\u00e7\u00e3o exclusivamente \u00e0 campo nos confere animais bem adaptados aos intemperismos dos tr\u00f3picos. A RR Agropecu\u00e1ria \u00e9 vista hoje como refer\u00eancia para [&hellip;]<\/p>\n","protected":false},"author":1,"featured_media":0,"parent":0,"menu_order":0,"comment_status":"closed","ping_status":"closed","template":"","meta":{"footnotes":""},"class_list":["post-63","page","type-page","status-publish","hentry"],"_links":{"self":[{"href":"https:\/\/grupozucatelli.com.br\/rragropecuaria\/wp-json\/wp\/v2\/pages\/63","targetHints":{"allow":["GET"]}}],"collection":[{"href":"https:\/\/grupozucatelli.com.br\/rragropecuaria\/wp-json\/wp\/v2\/pages"}],"about":[{"href":"https:\/\/grupozucatelli.com.br\/rragropecuaria\/wp-json\/wp\/v2\/types\/page"}],"author":[{"embeddable":true,"href":"https:\/\/grupozucatelli.com.br\/rragropecuaria\/wp-json\/wp\/v2\/users\/1"}],"replies":[{"embeddable":true,"href":"https:\/\/grupozucatelli.com.br\/rragropecuaria\/wp-json\/wp\/v2\/comments?post=63"}],"version-history":[{"count":4,"href":"https:\/\/grupozucatelli.com.br\/rragropecuaria\/wp-json\/wp\/v2\/pages\/63\/revisions"}],"predecessor-version":[{"id":310,"href":"https:\/\/grupozucatelli.com.br\/rragropecuaria\/wp-json\/wp\/v2\/pages\/63\/revisions\/310"}],"wp:attachment":[{"href":"https:\/\/grupozucatelli.com.br\/rragropecuaria\/wp-json\/wp\/v2\/media?parent=63"}],"curies":[{"name":"wp","href":"https:\/\/api.w.org\/{rel}","templated":true}]}}