{"id":65,"date":"2021-09-06T13:50:10","date_gmt":"2021-09-06T16:50:10","guid":{"rendered":"https:\/\/grupozucatelli.com.br\/rragropecuaria\/?page_id=65"},"modified":"2021-09-28T00:49:47","modified_gmt":"2021-09-28T03:49:47","slug":"empresa","status":"publish","type":"page","link":"https:\/\/grupozucatelli.com.br\/rragropecuaria\/empresa\/","title":{"rendered":"Empresa"},"content":{"rendered":"<p>O\u00a0<strong>GRUPO ZUCATELLI\u00a0<\/strong>hoje \u00e9 reconhecido como um dos maiores grupos empresariais do Norte do Pa\u00eds. Tanto no ramos automobil\u00edstico atuando com doze marcas potenciais no mercado, tendo como l\u00edder a marca FIAT, no qual estamos acompanhando seu crescimento no Brasil e no mundo. Como tamb\u00e9m no ramo do agroneg\u00f3cio, na cria\u00e7\u00e3o de gado de cria, recria, engorda e animais de elite, promovendo leil\u00f5es e participando como convidado. Desenvolve um projeto de reflorestamento com plantio de Teca e Eucalipto e atua no segmento de licita\u00e7\u00f5es publicas, loca\u00e7\u00f5es de autom\u00f3veis, caminh\u00f5es, m\u00e1quinas, im\u00f3veis, e possui construtora de asfalto para presta\u00e7\u00e3o de servi\u00e7o em terraplenagem e pavimenta\u00e7\u00e3o asf\u00e1ltica.<\/p>\n<p>O Grupo Zucatelli tem como miss\u00e3o comercializar produtos e servi\u00e7os de qualidade, atendendo as necessidades e realizando sonhos. Visando ser referencia de qualidade na comercializa\u00e7\u00e3o de servi\u00e7os no Brasil com excel\u00eancia no atendimento, buscando a satisfa\u00e7\u00e3o dos nossos clientes e cultivando alguns valores como: A Satisfa\u00e7\u00e3o dos Clientes, Capacita\u00e7\u00e3o, Valoriza\u00e7\u00e3o e Respeito as Pessoas, Atua\u00e7\u00e3o \u00c9tica e Responsabilidade Social.<\/p>\n","protected":false},"excerpt":{"rendered":"<p>O\u00a0GRUPO ZUCATELLI\u00a0hoje \u00e9 reconhecido como um dos maiores grupos empresariais do Norte do Pa\u00eds. Tanto no ramos automobil\u00edstico atuando com doze marcas potenciais no mercado, tendo como l\u00edder a marca FIAT, no qual estamos acompanhando seu crescimento no Brasil e no mundo. Como tamb\u00e9m no ramo do agroneg\u00f3cio, na cria\u00e7\u00e3o [&hellip;]<\/p>\n","protected":false},"author":1,"featured_media":0,"parent":0,"menu_order":0,"comment_status":"closed","ping_status":"closed","template":"","meta":{"footnotes":""},"class_list":["post-65","page","type-page","status-publish","hentry"],"_links":{"self":[{"href":"https:\/\/grupozucatelli.com.br\/rragropecuaria\/wp-json\/wp\/v2\/pages\/65","targetHints":{"allow":["GET"]}}],"collection":[{"href":"https:\/\/grupozucatelli.com.br\/rragropecuaria\/wp-json\/wp\/v2\/pages"}],"about":[{"href":"https:\/\/grupozucatelli.com.br\/rragropecuaria\/wp-json\/wp\/v2\/types\/page"}],"author":[{"embeddable":true,"href":"https:\/\/grupozucatelli.com.br\/rragropecuaria\/wp-json\/wp\/v2\/users\/1"}],"replies":[{"embeddable":true,"href":"https:\/\/grupozucatelli.com.br\/rragropecuaria\/wp-json\/wp\/v2\/comments?post=65"}],"version-history":[{"count":3,"href":"https:\/\/grupozucatelli.com.br\/rragropecuaria\/wp-json\/wp\/v2\/pages\/65\/revisions"}],"predecessor-version":[{"id":308,"href":"https:\/\/grupozucatelli.com.br\/rragropecuaria\/wp-json\/wp\/v2\/pages\/65\/revisions\/308"}],"wp:attachment":[{"href":"https:\/\/grupozucatelli.com.br\/rragropecuaria\/wp-json\/wp\/v2\/media?parent=65"}],"curies":[{"name":"wp","href":"https:\/\/api.w.org\/{rel}","templated":true}]}}